{"id":3303,"date":"2021-06-30T13:19:03","date_gmt":"2021-06-30T11:19:03","guid":{"rendered":"https:\/\/www.hotelvillacinzia.com\/nature\/"},"modified":"2021-07-14T09:44:24","modified_gmt":"2021-07-14T07:44:24","slug":"nature","status":"publish","type":"page","link":"https:\/\/www.hotelvillacinzia.com\/en\/nature\/","title":{"rendered":"Nature"},"content":{"rendered":"\t\t<div data-elementor-type=\"wp-page\" data-elementor-id=\"3303\" class=\"elementor elementor-3303\" data-elementor-post-type=\"page\">\n\t\t\t\t\t\t<section class=\"elementor-section elementor-top-section elementor-element elementor-element-571ff24 elementor-section-height-full elementor-section-stretched elementor-section-full_width intro elementor-section-height-default elementor-section-items-middle\" data-id=\"571ff24\" data-element_type=\"section\" data-settings=\"{&quot;stretch_section&quot;:&quot;section-stretched&quot;,&quot;background_background&quot;:&quot;slideshow&quot;,&quot;background_slideshow_gallery&quot;:[{&quot;id&quot;:2661,&quot;url&quot;:&quot;https:\\\/\\\/www.hotelvillacinzia.com\\\/wp-content\\\/uploads\\\/Lavanda_Sale-SanGiovanni_Langhe.jpg&quot;},{&quot;id&quot;:2666,&quot;url&quot;:&quot;https:\\\/\\\/www.hotelvillacinzia.com\\\/wp-content\\\/uploads\\\/stalla-panorama.jpg&quot;},{&quot;id&quot;:2665,&quot;url&quot;:&quot;https:\\\/\\\/www.hotelvillacinzia.com\\\/wp-content\\\/uploads\\\/stalla_Celeste.jpg&quot;}],&quot;background_slideshow_loop&quot;:&quot;yes&quot;,&quot;background_slideshow_slide_duration&quot;:5000,&quot;background_slideshow_slide_transition&quot;:&quot;fade&quot;,&quot;background_slideshow_transition_duration&quot;:500}\">\n\t\t\t\t\t\t<div class=\"elementor-container elementor-column-gap-default\">\n\t\t\t\t\t<div class=\"elementor-column elementor-col-100 elementor-top-column elementor-element elementor-element-3e8bdf8\" data-id=\"3e8bdf8\" data-element_type=\"column\">\n\t\t\t<div class=\"elementor-widget-wrap elementor-element-populated\">\n\t\t\t\t\t\t<div class=\"elementor-element elementor-element-6b789e0 logo_villa_cinzia separatore-pw separatore-pw--bianco elementor-widget elementor-widget-theme-site-logo elementor-widget-image\" data-id=\"6b789e0\" data-element_type=\"widget\" data-widget_type=\"theme-site-logo.default\">\n\t\t\t\t<div class=\"elementor-widget-container\">\n\t\t\t\t\t\t\t\t\t\t\t<a href=\"https:\/\/www.hotelvillacinzia.com\/en\/\">\n\t\t\t<img decoding=\"async\" width=\"159\" height=\"161\" src=\"https:\/\/www.hotelvillacinzia.com\/wp-content\/uploads\/logo.png\" class=\"attachment-full size-full wp-image-1053\" alt=\"Hotel Villa Cinzia\" \/>\t\t\t\t<\/a>\n\t\t\t\t\t\t\t\t\t\t\t<\/div>\n\t\t\t\t<\/div>\n\t\t\t\t<div class=\"elementor-element elementor-element-770fa75 payoff elementor-widget elementor-widget-heading\" data-id=\"770fa75\" data-element_type=\"widget\" data-widget_type=\"heading.default\">\n\t\t\t\t<div class=\"elementor-widget-container\">\n\t\t\t\t\t<div class=\"elementor-heading-title elementor-size-default\">your home away from home<\/div>\t\t\t\t<\/div>\n\t\t\t\t<\/div>\n\t\t\t\t\t<\/div>\n\t\t<\/div>\n\t\t\t\t\t<\/div>\n\t\t<\/section>\n\t\t\t\t<section class=\"elementor-section elementor-top-section elementor-element elementor-element-3d15881 page-section page-section--onlytext elementor-section-boxed elementor-section-height-default elementor-section-height-default\" data-id=\"3d15881\" data-element_type=\"section\">\n\t\t\t\t\t\t<div class=\"elementor-container elementor-column-gap-default\">\n\t\t\t\t\t<div class=\"elementor-column elementor-col-100 elementor-top-column elementor-element elementor-element-9454af5\" data-id=\"9454af5\" data-element_type=\"column\">\n\t\t\t<div class=\"elementor-widget-wrap elementor-element-populated\">\n\t\t\t\t\t\t<section class=\"elementor-section elementor-inner-section elementor-element elementor-element-9824b06 text-wrapper text-wrapper--div--center elementor-section-boxed elementor-section-height-default elementor-section-height-default\" data-id=\"9824b06\" data-element_type=\"section\">\n\t\t\t\t\t\t<div class=\"elementor-container elementor-column-gap-default\">\n\t\t\t\t\t<div class=\"elementor-column elementor-col-100 elementor-inner-column elementor-element elementor-element-dd73eba\" data-id=\"dd73eba\" data-element_type=\"column\">\n\t\t\t<div class=\"elementor-widget-wrap elementor-element-populated\">\n\t\t\t\t\t\t<div class=\"elementor-element elementor-element-4787220 over-headline elementor-widget elementor-widget-heading\" data-id=\"4787220\" data-element_type=\"widget\" data-widget_type=\"heading.default\">\n\t\t\t\t<div class=\"elementor-widget-container\">\n\t\t\t\t\t<h2 class=\"elementor-heading-title elementor-size-default\">VILLANOVA MONDOVI'<\/h2>\t\t\t\t<\/div>\n\t\t\t\t<\/div>\n\t\t\t\t<div class=\"elementor-element elementor-element-b2c63a5 headline headline--large  elementor-widget elementor-widget-heading\" data-id=\"b2c63a5\" data-element_type=\"widget\" data-widget_type=\"heading.default\">\n\t\t\t\t<div class=\"elementor-widget-container\">\n\t\t\t\t\t<h1 class=\"elementor-heading-title elementor-size-default\">Nature<\/h1>\t\t\t\t<\/div>\n\t\t\t\t<\/div>\n\t\t\t\t\t<\/div>\n\t\t<\/div>\n\t\t\t\t\t<\/div>\n\t\t<\/section>\n\t\t\t\t\t<\/div>\n\t\t<\/div>\n\t\t\t\t\t<\/div>\n\t\t<\/section>\n\t\t\t\t<section class=\"elementor-section elementor-top-section elementor-element elementor-element-29d4e4a page-section page-section--padding page-section--box-right elementor-section-full_width elementor-section-height-default elementor-section-height-default\" data-id=\"29d4e4a\" data-element_type=\"section\" data-settings=\"{&quot;background_background&quot;:&quot;classic&quot;}\">\n\t\t\t\t\t\t<div class=\"elementor-container elementor-column-gap-no\">\n\t\t\t\t\t<div class=\"elementor-column elementor-col-33 elementor-top-column elementor-element elementor-element-5988a85\" data-id=\"5988a85\" data-element_type=\"column\">\n\t\t\t<div class=\"elementor-widget-wrap\">\n\t\t\t\t\t\t\t<\/div>\n\t\t<\/div>\n\t\t\t\t<div class=\"elementor-column elementor-col-33 elementor-top-column elementor-element elementor-element-2fabf2b\" data-id=\"2fabf2b\" data-element_type=\"column\">\n\t\t\t<div class=\"elementor-widget-wrap\">\n\t\t\t\t\t\t\t<\/div>\n\t\t<\/div>\n\t\t\t\t<div class=\"elementor-column elementor-col-33 elementor-top-column elementor-element elementor-element-8a44d7f bg-brand box-home\" data-id=\"8a44d7f\" data-element_type=\"column\">\n\t\t\t<div class=\"elementor-widget-wrap elementor-element-populated\">\n\t\t\t\t\t\t<div class=\"elementor-element elementor-element-6dc9b99 over-headline elementor-widget elementor-widget-heading\" data-id=\"6dc9b99\" data-element_type=\"widget\" data-widget_type=\"heading.default\">\n\t\t\t\t<div class=\"elementor-widget-container\">\n\t\t\t\t\t<div class=\"elementor-heading-title elementor-size-default\">Villanova Mondovi<\/div>\t\t\t\t<\/div>\n\t\t\t\t<\/div>\n\t\t\t\t<div class=\"elementor-element elementor-element-08243fd headline headline--large elementor-widget elementor-widget-heading\" data-id=\"08243fd\" data-element_type=\"widget\" data-widget_type=\"heading.default\">\n\t\t\t\t<div class=\"elementor-widget-container\">\n\t\t\t\t\t<h3 class=\"elementor-heading-title elementor-size-default\">Grotta dei Dossi<\/h3>\t\t\t\t<\/div>\n\t\t\t\t<\/div>\n\t\t\t\t<div class=\"elementor-element elementor-element-885a31d text-wrapper text-wrapper--div--center elementor-widget elementor-widget-text-editor\" data-id=\"885a31d\" data-element_type=\"widget\" data-widget_type=\"text-editor.default\">\n\t\t\t\t<div class=\"elementor-widget-container\">\n\t\t\t\t\t\t\t\t\t<p>the <strong>Grotte dei Dossi<\/strong> were the first to be discovered in the province of Cuneo, and a century later they were the first in Italy to be electrically <strong>lit<\/strong>, with thirty Edison lamps and an oil generator. But the real record is still another: <strong>they are in fact the most colorful caves in Italy<\/strong>. Of karst origin, with a total development of 910 meters and a difference in height of 21, the caves are divided into corridors and rooms with a thousand shades due to the variety of minerals encountered, in their path, by the drops of water that filter through it, modeling and decorating incessantly concretions.<\/p>\n\t\t\t\t\t\t\t\t<\/div>\n\t\t\t\t<\/div>\n\t\t\t\t\t<\/div>\n\t\t<\/div>\n\t\t\t\t\t<\/div>\n\t\t<\/section>\n\t\t\t\t<section class=\"elementor-section elementor-top-section elementor-element elementor-element-60887cf page-section page-section--box-full page-section--box-full--bg-light  elementor-section-full_width elementor-section-height-default elementor-section-height-default\" data-id=\"60887cf\" data-element_type=\"section\" data-settings=\"{&quot;background_background&quot;:&quot;classic&quot;}\">\n\t\t\t\t\t\t<div class=\"elementor-container elementor-column-gap-default\">\n\t\t\t\t\t<div class=\"elementor-column elementor-col-100 elementor-top-column elementor-element elementor-element-f9070ff\" data-id=\"f9070ff\" data-element_type=\"column\">\n\t\t\t<div class=\"elementor-widget-wrap elementor-element-populated\">\n\t\t\t\t\t\t<div class=\"elementor-element elementor-element-00ced80 over-headline elementor-widget elementor-widget-heading\" data-id=\"00ced80\" data-element_type=\"widget\" data-widget_type=\"heading.default\">\n\t\t\t\t<div class=\"elementor-widget-container\">\n\t\t\t\t\t<div class=\"elementor-heading-title elementor-size-default\">Villanova Mondovi<\/div>\t\t\t\t<\/div>\n\t\t\t\t<\/div>\n\t\t\t\t<div class=\"elementor-element elementor-element-9322a57 headline headline--large elementor-widget elementor-widget-heading\" data-id=\"9322a57\" data-element_type=\"widget\" data-widget_type=\"heading.default\">\n\t\t\t\t<div class=\"elementor-widget-container\">\n\t\t\t\t\t<h3 class=\"elementor-heading-title elementor-size-default\">Mount Calvario<\/h3>\t\t\t\t<\/div>\n\t\t\t\t<\/div>\n\t\t\t\t<div class=\"elementor-element elementor-element-a80423a text-wrapper text-wrapper elementor-widget elementor-widget-text-editor\" data-id=\"a80423a\" data-element_type=\"widget\" data-widget_type=\"text-editor.default\">\n\t\t\t\t<div class=\"elementor-widget-container\">\n\t\t\t\t\t\t\t\t\t<p>Monte Calvario (814 m), which with its pine forest is the background to Villanova, is crossed by the dense Villanovian trail network that can be traveled on foot, by mountain bike or on horseback.<\/p>\n<p>The paths lead to panoramic points, connect hamlets, reveal small treasures and allow you to reach two main destinations: the Grotta dei Dossi and the Sanctuary of Santa Lucia<\/p>\n\t\t\t\t\t\t\t\t<\/div>\n\t\t\t\t<\/div>\n\t\t\t\t\t<\/div>\n\t\t<\/div>\n\t\t\t\t\t<\/div>\n\t\t<\/section>\n\t\t\t\t<section class=\"elementor-section elementor-top-section elementor-element elementor-element-acd3f4e page-section page-section--padding page-section--box-right elementor-section-full_width elementor-section-height-default elementor-section-height-default\" data-id=\"acd3f4e\" data-element_type=\"section\" data-settings=\"{&quot;background_background&quot;:&quot;classic&quot;}\">\n\t\t\t\t\t\t<div class=\"elementor-container elementor-column-gap-no\">\n\t\t\t\t\t<div class=\"elementor-column elementor-col-33 elementor-top-column elementor-element elementor-element-ce6e99b\" data-id=\"ce6e99b\" data-element_type=\"column\">\n\t\t\t<div class=\"elementor-widget-wrap\">\n\t\t\t\t\t\t\t<\/div>\n\t\t<\/div>\n\t\t\t\t<div class=\"elementor-column elementor-col-33 elementor-top-column elementor-element elementor-element-8ce58fd\" data-id=\"8ce58fd\" data-element_type=\"column\">\n\t\t\t<div class=\"elementor-widget-wrap\">\n\t\t\t\t\t\t\t<\/div>\n\t\t<\/div>\n\t\t\t\t<div class=\"elementor-column elementor-col-33 elementor-top-column elementor-element elementor-element-75486e6 bg-brand box-home\" data-id=\"75486e6\" data-element_type=\"column\">\n\t\t\t<div class=\"elementor-widget-wrap elementor-element-populated\">\n\t\t\t\t\t\t<div class=\"elementor-element elementor-element-f4c8441 over-headline elementor-widget elementor-widget-heading\" data-id=\"f4c8441\" data-element_type=\"widget\" data-widget_type=\"heading.default\">\n\t\t\t\t<div class=\"elementor-widget-container\">\n\t\t\t\t\t<div class=\"elementor-heading-title elementor-size-default\">Vicoforte Mondov\u00ec<\/div>\t\t\t\t<\/div>\n\t\t\t\t<\/div>\n\t\t\t\t<div class=\"elementor-element elementor-element-8985001 headline headline--large elementor-widget elementor-widget-heading\" data-id=\"8985001\" data-element_type=\"widget\" data-widget_type=\"heading.default\">\n\t\t\t\t<div class=\"elementor-widget-container\">\n\t\t\t\t\t<h3 class=\"elementor-heading-title elementor-size-default\">Nature Valley Pesio<\/h3>\t\t\t\t<\/div>\n\t\t\t\t<\/div>\n\t\t\t\t<div class=\"elementor-element elementor-element-05ff0af text-wrapper text-wrapper--div--center elementor-widget elementor-widget-text-editor\" data-id=\"05ff0af\" data-element_type=\"widget\" data-widget_type=\"text-editor.default\">\n\t\t\t\t<div class=\"elementor-widget-container\">\n\t\t\t\t\t\t\t\t\t<p><b>Rich in vegetation<\/b>, the Valley Pesio is characterized by the <b>beauty and extent of forests and the variety of flora and fauna<\/b>. Located in the province of Cuneo, in the heart of the Ligurian Alps, Valle Pesio is a borderland, where snow-capped peaks and the first live Mediterranean influences. And dominated by <b>Mount Marguareis<\/b>, highest peak of the Ligurian Alps, whose mass is characterized by one of the most important karst systems of the Western Alps.<\/p>\n<p><span style=\"font-size: 1.125rem;\"><b>The valley is popular with athletes<\/b>mountaineers, cavers, who have made it a destination of international appeal, but, more generally, for all nature lovers, as for all those in search of a direct contact and basic with the environment or want to find an oasis of peace and silence in the shade of the centuries-old Charterhouse.<\/span><\/p>\n<p><span style=\"font-size: 1.125rem;\">It <b>is the ideal place for those who want to spend a day immersed in the green<\/b> and in contact with nature.<\/span><\/p>\n\t\t\t\t\t\t\t\t<\/div>\n\t\t\t\t<\/div>\n\t\t\t\t\t<\/div>\n\t\t<\/div>\n\t\t\t\t\t<\/div>\n\t\t<\/section>\n\t\t\t\t<section class=\"elementor-section elementor-top-section elementor-element elementor-element-34ecf3d page-section page-section--padding page-section--box-left elementor-section-full_width elementor-section-height-default elementor-section-height-default\" data-id=\"34ecf3d\" data-element_type=\"section\" data-settings=\"{&quot;background_background&quot;:&quot;classic&quot;}\">\n\t\t\t\t\t\t<div class=\"elementor-container elementor-column-gap-default\">\n\t\t\t\t\t<div class=\"elementor-column elementor-col-33 elementor-top-column elementor-element elementor-element-86fc814 bg-brand box-home\" data-id=\"86fc814\" data-element_type=\"column\">\n\t\t\t<div class=\"elementor-widget-wrap elementor-element-populated\">\n\t\t\t\t\t\t<div class=\"elementor-element elementor-element-8350f86 over-headline elementor-widget elementor-widget-heading\" data-id=\"8350f86\" data-element_type=\"widget\" data-widget_type=\"heading.default\">\n\t\t\t\t<div class=\"elementor-widget-container\">\n\t\t\t\t\t<div class=\"elementor-heading-title elementor-size-default\">Frabosa Soprana<\/div>\t\t\t\t<\/div>\n\t\t\t\t<\/div>\n\t\t\t\t<div class=\"elementor-element elementor-element-e01a7dc headline headline--large elementor-widget elementor-widget-heading\" data-id=\"e01a7dc\" data-element_type=\"widget\" data-widget_type=\"heading.default\">\n\t\t\t\t<div class=\"elementor-widget-container\">\n\t\t\t\t\t<h3 class=\"elementor-heading-title elementor-size-default\">Cave Bossea<\/h3>\t\t\t\t<\/div>\n\t\t\t\t<\/div>\n\t\t\t\t<div class=\"elementor-element elementor-element-d5f3e36 text-wrapper text-wrapper--div--center elementor-widget elementor-widget-text-editor\" data-id=\"d5f3e36\" data-element_type=\"widget\" data-widget_type=\"text-editor.default\">\n\t\t\t\t<div class=\"elementor-widget-container\">\n\t\t\t\t\t\t\t\t\t<p>Located in Val Corsaglia, in the municipality of <b>Frabosa Soprana Bossea<\/b> Cave is the perfect place since 1874 that offers a feast for all lovers of nature unique. Situated among the most beautiful and important Italian destinations, offers its visitors conformations and unique landscapes. di quota; fra le pi\u00f9 belle ed importanti grotte turistiche italiane per variet\u00e0 di concrezioni, grandiosit\u00e0 d&#8217;ambienti ricchezza d&#8217;acqua e laghi sotterranei.<br \/>\nAspetti assai suggestivi caratterizzano la parte turistica della cavit\u00e0, creando effetti scenografici di grande attrattiva estetica ed ambientale. Le <b>imponenti dimensioni<\/b>, le <b>altezze vertiginose<\/b>, le <b>pareti a strapiombo<\/b>, i <b>vasti soffitti intagliati<\/b> a spigoli vivi, i dirupi, gli anfratti, i macigni ciclopici precipitati dall\u2019alto ne costituiscono gli <b>aspetti prevalenti<\/b>.<\/p>\n\t\t\t\t\t\t\t\t<\/div>\n\t\t\t\t<\/div>\n\t\t\t\t\t<\/div>\n\t\t<\/div>\n\t\t\t\t<div class=\"elementor-column elementor-col-33 elementor-top-column elementor-element elementor-element-610670a\" data-id=\"610670a\" data-element_type=\"column\">\n\t\t\t<div class=\"elementor-widget-wrap\">\n\t\t\t\t\t\t\t<\/div>\n\t\t<\/div>\n\t\t\t\t<div class=\"elementor-column elementor-col-33 elementor-top-column elementor-element elementor-element-67b30da\" data-id=\"67b30da\" data-element_type=\"column\">\n\t\t\t<div class=\"elementor-widget-wrap\">\n\t\t\t\t\t\t\t<\/div>\n\t\t<\/div>\n\t\t\t\t\t<\/div>\n\t\t<\/section>\n\t\t\t\t<section class=\"elementor-section elementor-top-section elementor-element elementor-element-d316681 page-section page-section--box-full page-section--box-full--bg-light  elementor-section-full_width elementor-section-height-default elementor-section-height-default\" data-id=\"d316681\" data-element_type=\"section\" data-settings=\"{&quot;background_background&quot;:&quot;classic&quot;}\">\n\t\t\t\t\t\t<div class=\"elementor-container elementor-column-gap-default\">\n\t\t\t\t\t<div class=\"elementor-column elementor-col-100 elementor-top-column elementor-element elementor-element-6ebb991\" data-id=\"6ebb991\" data-element_type=\"column\">\n\t\t\t<div class=\"elementor-widget-wrap elementor-element-populated\">\n\t\t\t\t\t\t<div class=\"elementor-element elementor-element-ec427ba elementor-widget elementor-widget-text-editor\" data-id=\"ec427ba\" data-element_type=\"widget\" data-widget_type=\"text-editor.default\">\n\t\t\t\t<div class=\"elementor-widget-container\">\n\t\t\t\t\t\t\t\t\t<p><strong>These harsh and steep morphologies alternate with a very rich calcareous concretion<\/strong>, now forming imposing flows, enormous stalagmites or mighty columns, now stalactites, lace and drapery of great finesse and preciousness. <strong>The underground stream now forms tumultuous rapids and thunderous waterfalls<\/strong>, now calm and crystalline lakes enclosed between picturesque rocky and concrete banks; copious percolations create multiple plays of water enriching the cave with dripping, splashes, rivulets, fountains and liquid veils that sometimes collect in beautiful ponds and tubs.<\/p>\n<p>Explore in 1850, illuminated and equipped for visits, it extends for over 2 km, with a difference in height of over 200 m. In the hall of the temple the complete skeleton of a speleo ursus that populated the cuneese caves up to 15 thousand years ago is exhibited.<\/p>\n\t\t\t\t\t\t\t\t<\/div>\n\t\t\t\t<\/div>\n\t\t\t\t\t<\/div>\n\t\t<\/div>\n\t\t\t\t\t<\/div>\n\t\t<\/section>\n\t\t\t\t<section class=\"elementor-section elementor-top-section elementor-element elementor-element-28314b9 page-section page-section--padding page-section--box-right elementor-section-full_width elementor-section-height-default elementor-section-height-default\" data-id=\"28314b9\" data-element_type=\"section\" data-settings=\"{&quot;background_background&quot;:&quot;classic&quot;}\">\n\t\t\t\t\t\t<div class=\"elementor-container elementor-column-gap-no\">\n\t\t\t\t\t<div class=\"elementor-column elementor-col-33 elementor-top-column elementor-element elementor-element-f9bd422\" data-id=\"f9bd422\" data-element_type=\"column\">\n\t\t\t<div class=\"elementor-widget-wrap\">\n\t\t\t\t\t\t\t<\/div>\n\t\t<\/div>\n\t\t\t\t<div class=\"elementor-column elementor-col-33 elementor-top-column elementor-element elementor-element-0e651e9\" data-id=\"0e651e9\" data-element_type=\"column\">\n\t\t\t<div class=\"elementor-widget-wrap\">\n\t\t\t\t\t\t\t<\/div>\n\t\t<\/div>\n\t\t\t\t<div class=\"elementor-column elementor-col-33 elementor-top-column elementor-element elementor-element-de7f5a7 bg-brand box-home\" data-id=\"de7f5a7\" data-element_type=\"column\">\n\t\t\t<div class=\"elementor-widget-wrap elementor-element-populated\">\n\t\t\t\t\t\t<div class=\"elementor-element elementor-element-4133963 over-headline elementor-widget elementor-widget-heading\" data-id=\"4133963\" data-element_type=\"widget\" data-widget_type=\"heading.default\">\n\t\t\t\t<div class=\"elementor-widget-container\">\n\t\t\t\t\t<div class=\"elementor-heading-title elementor-size-default\">Frabosa Soprana<\/div>\t\t\t\t<\/div>\n\t\t\t\t<\/div>\n\t\t\t\t<div class=\"elementor-element elementor-element-a22e010 headline headline--large elementor-widget elementor-widget-heading\" data-id=\"a22e010\" data-element_type=\"widget\" data-widget_type=\"heading.default\">\n\t\t\t\t<div class=\"elementor-widget-container\">\n\t\t\t\t\t<h3 class=\"elementor-heading-title elementor-size-default\">Caudano Caves<\/h3>\t\t\t\t<\/div>\n\t\t\t\t<\/div>\n\t\t\t\t<div class=\"elementor-element elementor-element-7ee662e text-wrapper text-wrapper--div--center elementor-widget elementor-widget-text-editor\" data-id=\"7ee662e\" data-element_type=\"widget\" data-widget_type=\"text-editor.default\">\n\t\t\t\t<div class=\"elementor-widget-container\">\n\t\t\t\t\t\t\t\t\t<p>The Caudano caves were discovered in December<br \/>\n1898 during the construction of the reservoir for the aqueduct of the hydroelectric power station of<br \/>\nFrabosa Sottana. Since their discovery they have<br \/>\nbeen the object of mystery and curiosity.<br \/>\nIn the more than 3 km of 4-storey overlapping galleries of the Caves remain the remains of animals that lived thousands of years ago, such as the prehistoric cave bear.<br \/>\nOpening and guided tours.<br \/>\nThe caves are open on Saturdays, Sundays and public holidays throughout the year (except 25\/12).<br \/>\nIn August and during the Christmas and Easter holi<\/p>\n<p>days they are open every day.<br \/>\nOn weekdays not included in these periods it is always possible to visit them by reservation (at least 4 people).<br \/>\nThe guided tour lasts 60-70 minutes<\/p>\n\t\t\t\t\t\t\t\t<\/div>\n\t\t\t\t<\/div>\n\t\t\t\t\t<\/div>\n\t\t<\/div>\n\t\t\t\t\t<\/div>\n\t\t<\/section>\n\t\t\t\t<\/div>\n\t\t","protected":false},"excerpt":{"rendered":"<p>your home away from home VILLANOVA MONDOVI&#8217; Nature Villanova Mondovi Grotta dei Dossi the Grotte dei Dossi were the first to be discovered in the province of Cuneo, and a century later they were the first in Italy to be electrically lit, with thirty Edison lamps and an oil generator. But the real record is [&hellip;]<\/p>\n","protected":false},"author":1,"featured_media":3176,"parent":0,"menu_order":0,"comment_status":"closed","ping_status":"closed","template":"","meta":{"footnotes":""},"categories":[23],"tags":[],"acf":[],"_links":{"self":[{"href":"https:\/\/www.hotelvillacinzia.com\/en\/wp-json\/wp\/v2\/pages\/3303"}],"collection":[{"href":"https:\/\/www.hotelvillacinzia.com\/en\/wp-json\/wp\/v2\/pages"}],"about":[{"href":"https:\/\/www.hotelvillacinzia.com\/en\/wp-json\/wp\/v2\/types\/page"}],"author":[{"embeddable":true,"href":"https:\/\/www.hotelvillacinzia.com\/en\/wp-json\/wp\/v2\/users\/1"}],"replies":[{"embeddable":true,"href":"https:\/\/www.hotelvillacinzia.com\/en\/wp-json\/wp\/v2\/comments?post=3303"}],"version-history":[{"count":0,"href":"https:\/\/www.hotelvillacinzia.com\/en\/wp-json\/wp\/v2\/pages\/3303\/revisions"}],"wp:featuredmedia":[{"embeddable":true,"href":"https:\/\/www.hotelvillacinzia.com\/en\/wp-json\/wp\/v2\/media\/3176"}],"wp:attachment":[{"href":"https:\/\/www.hotelvillacinzia.com\/en\/wp-json\/wp\/v2\/media?parent=3303"}],"wp:term":[{"taxonomy":"category","embeddable":true,"href":"https:\/\/www.hotelvillacinzia.com\/en\/wp-json\/wp\/v2\/categories?post=3303"},{"taxonomy":"post_tag","embeddable":true,"href":"https:\/\/www.hotelvillacinzia.com\/en\/wp-json\/wp\/v2\/tags?post=3303"}],"curies":[{"name":"wp","href":"https:\/\/api.w.org\/{rel}","templated":true}]}}