{"id":3366,"date":"2021-07-01T14:08:38","date_gmt":"2021-07-01T12:08:38","guid":{"rendered":"https:\/\/www.hotelvillacinzia.com\/bien-etre\/"},"modified":"2021-07-14T10:38:32","modified_gmt":"2021-07-14T08:38:32","slug":"bien-etre","status":"publish","type":"page","link":"https:\/\/www.hotelvillacinzia.com\/fr\/bien-etre\/","title":{"rendered":"Bien-\u00eatre"},"content":{"rendered":"\t\t<div data-elementor-type=\"wp-page\" data-elementor-id=\"3366\" class=\"elementor elementor-3366\" data-elementor-post-type=\"page\">\n\t\t\t\t\t\t<section class=\"elementor-section elementor-top-section elementor-element elementor-element-ffbd5b3 elementor-section-height-full elementor-section-stretched elementor-section-full_width intro elementor-section-height-default elementor-section-items-middle\" data-id=\"ffbd5b3\" data-element_type=\"section\" data-settings=\"{&quot;stretch_section&quot;:&quot;section-stretched&quot;,&quot;background_background&quot;:&quot;slideshow&quot;,&quot;background_slideshow_gallery&quot;:[{&quot;id&quot;:2260,&quot;url&quot;:&quot;https:\\\/\\\/www.hotelvillacinzia.com\\\/wp-content\\\/uploads\\\/wellness-2.jpg&quot;},{&quot;id&quot;:2836,&quot;url&quot;:&quot;https:\\\/\\\/www.hotelvillacinzia.com\\\/wp-content\\\/uploads\\\/spa.jpg&quot;}],&quot;background_slideshow_loop&quot;:&quot;yes&quot;,&quot;background_slideshow_slide_duration&quot;:5000,&quot;background_slideshow_slide_transition&quot;:&quot;fade&quot;,&quot;background_slideshow_transition_duration&quot;:500}\">\n\t\t\t\t\t\t<div class=\"elementor-container elementor-column-gap-default\">\n\t\t\t\t\t<div class=\"elementor-column elementor-col-100 elementor-top-column elementor-element elementor-element-f421147\" data-id=\"f421147\" data-element_type=\"column\">\n\t\t\t<div class=\"elementor-widget-wrap elementor-element-populated\">\n\t\t\t\t\t\t<div class=\"elementor-element elementor-element-534379c logo_villa_cinzia separatore-pw separatore-pw--bianco elementor-widget elementor-widget-theme-site-logo elementor-widget-image\" data-id=\"534379c\" data-element_type=\"widget\" data-widget_type=\"theme-site-logo.default\">\n\t\t\t\t<div class=\"elementor-widget-container\">\n\t\t\t\t\t\t\t\t\t\t\t<a href=\"https:\/\/www.hotelvillacinzia.com\/fr\/\">\n\t\t\t<img decoding=\"async\" width=\"159\" height=\"161\" src=\"https:\/\/www.hotelvillacinzia.com\/wp-content\/uploads\/logo.png\" class=\"attachment-full size-full wp-image-1053\" alt=\"Hotel Villa Cinzia\" \/>\t\t\t\t<\/a>\n\t\t\t\t\t\t\t\t\t\t\t<\/div>\n\t\t\t\t<\/div>\n\t\t\t\t<div class=\"elementor-element elementor-element-a651b5b payoff elementor-widget elementor-widget-heading\" data-id=\"a651b5b\" data-element_type=\"widget\" data-widget_type=\"heading.default\">\n\t\t\t\t<div class=\"elementor-widget-container\">\n\t\t\t\t\t<div class=\"elementor-heading-title elementor-size-default\">Votre maison... loin de la maison...<\/div>\t\t\t\t<\/div>\n\t\t\t\t<\/div>\n\t\t\t\t\t<\/div>\n\t\t<\/div>\n\t\t\t\t\t<\/div>\n\t\t<\/section>\n\t\t\t\t<section class=\"elementor-section elementor-top-section elementor-element elementor-element-aeaab6c page-section page-section--onlytext elementor-section-boxed elementor-section-height-default elementor-section-height-default\" data-id=\"aeaab6c\" data-element_type=\"section\">\n\t\t\t\t\t\t<div class=\"elementor-container elementor-column-gap-default\">\n\t\t\t\t\t<div class=\"elementor-column elementor-col-100 elementor-top-column elementor-element elementor-element-adbf2fe\" data-id=\"adbf2fe\" data-element_type=\"column\">\n\t\t\t<div class=\"elementor-widget-wrap elementor-element-populated\">\n\t\t\t\t\t\t<section class=\"elementor-section elementor-inner-section elementor-element elementor-element-a1328d0 text-wrapper text-wrapper--div--center elementor-section-boxed elementor-section-height-default elementor-section-height-default\" data-id=\"a1328d0\" data-element_type=\"section\">\n\t\t\t\t\t\t<div class=\"elementor-container elementor-column-gap-default\">\n\t\t\t\t\t<div class=\"elementor-column elementor-col-100 elementor-inner-column elementor-element elementor-element-c57dd47\" data-id=\"c57dd47\" data-element_type=\"column\">\n\t\t\t<div class=\"elementor-widget-wrap elementor-element-populated\">\n\t\t\t\t\t\t<div class=\"elementor-element elementor-element-a35e622 over-headline elementor-widget elementor-widget-heading\" data-id=\"a35e622\" data-element_type=\"widget\" data-widget_type=\"heading.default\">\n\t\t\t\t<div class=\"elementor-widget-container\">\n\t\t\t\t\t<h2 class=\"elementor-heading-title elementor-size-default\">VILLANOVA MONDOVI'<\/h2>\t\t\t\t<\/div>\n\t\t\t\t<\/div>\n\t\t\t\t<div class=\"elementor-element elementor-element-18a61b3 headline headline--large  elementor-widget elementor-widget-heading\" data-id=\"18a61b3\" data-element_type=\"widget\" data-widget_type=\"heading.default\">\n\t\t\t\t<div class=\"elementor-widget-container\">\n\t\t\t\t\t<h1 class=\"elementor-heading-title elementor-size-default\">Bien-\u00eatre<\/h1>\t\t\t\t<\/div>\n\t\t\t\t<\/div>\n\t\t\t\t\t<\/div>\n\t\t<\/div>\n\t\t\t\t\t<\/div>\n\t\t<\/section>\n\t\t\t\t\t<\/div>\n\t\t<\/div>\n\t\t\t\t\t<\/div>\n\t\t<\/section>\n\t\t\t\t<section class=\"elementor-section elementor-top-section elementor-element elementor-element-75dd44c page-section page-section--padding page-section--box-right elementor-section-full_width elementor-section-height-default elementor-section-height-default\" data-id=\"75dd44c\" data-element_type=\"section\" data-settings=\"{&quot;background_background&quot;:&quot;classic&quot;}\">\n\t\t\t\t\t\t<div class=\"elementor-container elementor-column-gap-no\">\n\t\t\t\t\t<div class=\"elementor-column elementor-col-33 elementor-top-column elementor-element elementor-element-4956042\" data-id=\"4956042\" data-element_type=\"column\">\n\t\t\t<div class=\"elementor-widget-wrap\">\n\t\t\t\t\t\t\t<\/div>\n\t\t<\/div>\n\t\t\t\t<div class=\"elementor-column elementor-col-33 elementor-top-column elementor-element elementor-element-371745c\" data-id=\"371745c\" data-element_type=\"column\">\n\t\t\t<div class=\"elementor-widget-wrap\">\n\t\t\t\t\t\t\t<\/div>\n\t\t<\/div>\n\t\t\t\t<div class=\"elementor-column elementor-col-33 elementor-top-column elementor-element elementor-element-c9bb152 bg-brand box-home\" data-id=\"c9bb152\" data-element_type=\"column\">\n\t\t\t<div class=\"elementor-widget-wrap elementor-element-populated\">\n\t\t\t\t\t\t<div class=\"elementor-element elementor-element-fe3b3fa over-headline elementor-widget elementor-widget-heading\" data-id=\"fe3b3fa\" data-element_type=\"widget\" data-widget_type=\"heading.default\">\n\t\t\t\t<div class=\"elementor-widget-container\">\n\t\t\t\t\t<div class=\"elementor-heading-title elementor-size-default\">Villanova Mondov\u00ec\u200b<\/div>\t\t\t\t<\/div>\n\t\t\t\t<\/div>\n\t\t\t\t<div class=\"elementor-element elementor-element-8909ee0 headline headline--large elementor-widget elementor-widget-heading\" data-id=\"8909ee0\" data-element_type=\"widget\" data-widget_type=\"heading.default\">\n\t\t\t\t<div class=\"elementor-widget-container\">\n\t\t\t\t\t<h3 class=\"elementor-heading-title elementor-size-default\">Terme di Lurisia<\/h3>\t\t\t\t<\/div>\n\t\t\t\t<\/div>\n\t\t\t\t<div class=\"elementor-element elementor-element-a74b35c text-wrapper text-wrapper--div--center elementor-widget elementor-widget-text-editor\" data-id=\"a74b35c\" data-element_type=\"widget\" data-widget_type=\"text-editor.default\">\n\t\t\t\t<div class=\"elementor-widget-container\">\n\t\t\t\t\t\t\t\t\t<p>Situ\u00e9 \u00e0 peu kilom\u00e8tres des thermes il y a la possibilit\u00e9 de l\u2019atteindre sans probl\u00e8me. \u00c0 <strong>l&rsquo;int\u00e9rieur de cet \u00e9tablissement<\/strong>, il est possible de se d\u00e9tendre avec des massages et traitements de beaut\u00e9 plut\u00f4t que th\u00e9rapeutiques, esth\u00e9tiques en permettant ainsi \u00e0 nos clients de se sentir \u00e0 l\u2019aise.<\/p>\n\t\t\t\t\t\t\t\t<\/div>\n\t\t\t\t<\/div>\n\t\t\t\t\t<\/div>\n\t\t<\/div>\n\t\t\t\t\t<\/div>\n\t\t<\/section>\n\t\t\t\t<section class=\"elementor-section elementor-top-section elementor-element elementor-element-4a2eb62 page-section page-section--box-full page-section--box-full--bg-light  elementor-section-full_width elementor-section-height-default elementor-section-height-default\" data-id=\"4a2eb62\" data-element_type=\"section\" data-settings=\"{&quot;background_background&quot;:&quot;classic&quot;}\">\n\t\t\t\t\t\t<div class=\"elementor-container elementor-column-gap-default\">\n\t\t\t\t\t<div class=\"elementor-column elementor-col-100 elementor-top-column elementor-element elementor-element-1e688bf box-home\" data-id=\"1e688bf\" data-element_type=\"column\">\n\t\t\t<div class=\"elementor-widget-wrap elementor-element-populated\">\n\t\t\t\t\t\t<div class=\"elementor-element elementor-element-c765554 over-headline elementor-widget elementor-widget-heading\" data-id=\"c765554\" data-element_type=\"widget\" data-widget_type=\"heading.default\">\n\t\t\t\t<div class=\"elementor-widget-container\">\n\t\t\t\t\t<div class=\"elementor-heading-title elementor-size-default\">Villanova Mondov\u00ec<\/div>\t\t\t\t<\/div>\n\t\t\t\t<\/div>\n\t\t\t\t<div class=\"elementor-element elementor-element-a39875f headline headline--large elementor-widget elementor-widget-heading\" data-id=\"a39875f\" data-element_type=\"widget\" data-widget_type=\"heading.default\">\n\t\t\t\t<div class=\"elementor-widget-container\">\n\t\t\t\t\t<h3 class=\"elementor-heading-title elementor-size-default\">Soins spa<\/h3>\t\t\t\t<\/div>\n\t\t\t\t<\/div>\n\t\t\t\t<div class=\"elementor-element elementor-element-fbe9270 text-wrapper text-wrapper--div--center elementor-widget elementor-widget-text-editor\" data-id=\"fbe9270\" data-element_type=\"widget\" data-widget_type=\"text-editor.default\">\n\t\t\t\t<div class=\"elementor-widget-container\">\n\t\t\t\t\t\t\t\t\t<p>At Lurisia the thermal water is extraordinary<br \/>\nand a team of doctors and operators are able<br \/>\nto make the best use of its properties.<br \/>\nIt is water rich in radon, with analgesic, antiinflammatory and purifying qualities.<br \/>\nWater that comes from an uncontaminated<br \/>\nenvironment, which since 1940 has united<br \/>\nthose who truly wish to take care of their<br \/>\nhealth.<\/p>\n<p>Terme di Lurisia has been granted top<br \/>\ncategory accreditation as Spa Establishment<br \/>\nby the Italian Ministry of Health and the<br \/>\nNational Health Service.<br \/>\nThis is thanks to the radon-rich properties of<br \/>\nthe Garbarino and Santa Barbara sources, with<br \/>\ntheir healthy and purifying waters.<br \/>\nWaters that are used to prevent and treat some<br \/>\nof the most common respiratory, digestive and<br \/>\njoint problems through drinking, inhalation<br \/>\nand mud therapy.<br \/>\nHydropinic treatments, Inhalation treatments, Pulmonary ventilation and respiratory<br \/>\nrehabilitation, Ear treatments, Mud-Balneotherapy, Balneotherapy or Thermal Bath, Gynaecological treatments<\/p>\n\t\t\t\t\t\t\t\t<\/div>\n\t\t\t\t<\/div>\n\t\t\t\t\t<\/div>\n\t\t<\/div>\n\t\t\t\t\t<\/div>\n\t\t<\/section>\n\t\t\t\t<section class=\"elementor-section elementor-top-section elementor-element elementor-element-b8a5b37 page-section page-section--padding page-section--box-right elementor-section-full_width elementor-section-height-default elementor-section-height-default\" data-id=\"b8a5b37\" data-element_type=\"section\" data-settings=\"{&quot;background_background&quot;:&quot;classic&quot;}\">\n\t\t\t\t\t\t<div class=\"elementor-container elementor-column-gap-no\">\n\t\t\t\t\t<div class=\"elementor-column elementor-col-33 elementor-top-column elementor-element elementor-element-f1655ce\" data-id=\"f1655ce\" data-element_type=\"column\">\n\t\t\t<div class=\"elementor-widget-wrap\">\n\t\t\t\t\t\t\t<\/div>\n\t\t<\/div>\n\t\t\t\t<div class=\"elementor-column elementor-col-33 elementor-top-column elementor-element elementor-element-7dea385\" data-id=\"7dea385\" data-element_type=\"column\">\n\t\t\t<div class=\"elementor-widget-wrap\">\n\t\t\t\t\t\t\t<\/div>\n\t\t<\/div>\n\t\t\t\t<div class=\"elementor-column elementor-col-33 elementor-top-column elementor-element elementor-element-02f6edb bg-brand box-home\" data-id=\"02f6edb\" data-element_type=\"column\">\n\t\t\t<div class=\"elementor-widget-wrap elementor-element-populated\">\n\t\t\t\t\t\t<div class=\"elementor-element elementor-element-b51f098 text-wrapper text-wrapper--div--center elementor-widget elementor-widget-text-editor\" data-id=\"b51f098\" data-element_type=\"widget\" data-widget_type=\"text-editor.default\">\n\t\t\t\t<div class=\"elementor-widget-container\">\n\t\t\t\t\t\t\t\t\t<p>The Terme di Lurisia are also an opportunity<br \/>\nto relax with massages and beauty treatments.<\/p>\n<ul>\n<li>SPA Antro delle Acque,<\/li>\n<li>Wellness Treatments<\/li>\n<li>Beauty Treatments<\/li>\n<li>Massages<\/li>\n<li>Holistic Treatments<\/li>\n<li>Ayurvedic treatments<\/li>\n<\/ul>\n<p>www.termedilurisia.it<\/p>\n\t\t\t\t\t\t\t\t<\/div>\n\t\t\t\t<\/div>\n\t\t\t\t\t<\/div>\n\t\t<\/div>\n\t\t\t\t\t<\/div>\n\t\t<\/section>\n\t\t\t\t<\/div>\n\t\t","protected":false},"excerpt":{"rendered":"<p>Votre maison&#8230; loin de la maison&#8230; VILLANOVA MONDOVI&rsquo; Bien-\u00eatre Villanova Mondov\u00ec\u200b Terme di Lurisia Situ\u00e9 \u00e0 peu kilom\u00e8tres des thermes il y a la possibilit\u00e9 de l\u2019atteindre sans probl\u00e8me. \u00c0 l&rsquo;int\u00e9rieur de cet \u00e9tablissement, il est possible de se d\u00e9tendre avec des massages et traitements de beaut\u00e9 plut\u00f4t que th\u00e9rapeutiques, esth\u00e9tiques en permettant ainsi \u00e0 [&hellip;]<\/p>\n","protected":false},"author":1,"featured_media":3235,"parent":0,"menu_order":0,"comment_status":"closed","ping_status":"closed","template":"","meta":{"footnotes":""},"categories":[26],"tags":[],"acf":[],"_links":{"self":[{"href":"https:\/\/www.hotelvillacinzia.com\/fr\/wp-json\/wp\/v2\/pages\/3366"}],"collection":[{"href":"https:\/\/www.hotelvillacinzia.com\/fr\/wp-json\/wp\/v2\/pages"}],"about":[{"href":"https:\/\/www.hotelvillacinzia.com\/fr\/wp-json\/wp\/v2\/types\/page"}],"author":[{"embeddable":true,"href":"https:\/\/www.hotelvillacinzia.com\/fr\/wp-json\/wp\/v2\/users\/1"}],"replies":[{"embeddable":true,"href":"https:\/\/www.hotelvillacinzia.com\/fr\/wp-json\/wp\/v2\/comments?post=3366"}],"version-history":[{"count":0,"href":"https:\/\/www.hotelvillacinzia.com\/fr\/wp-json\/wp\/v2\/pages\/3366\/revisions"}],"wp:featuredmedia":[{"embeddable":true,"href":"https:\/\/www.hotelvillacinzia.com\/fr\/wp-json\/wp\/v2\/media\/3235"}],"wp:attachment":[{"href":"https:\/\/www.hotelvillacinzia.com\/fr\/wp-json\/wp\/v2\/media?parent=3366"}],"wp:term":[{"taxonomy":"category","embeddable":true,"href":"https:\/\/www.hotelvillacinzia.com\/fr\/wp-json\/wp\/v2\/categories?post=3366"},{"taxonomy":"post_tag","embeddable":true,"href":"https:\/\/www.hotelvillacinzia.com\/fr\/wp-json\/wp\/v2\/tags?post=3366"}],"curies":[{"name":"wp","href":"https:\/\/api.w.org\/{rel}","templated":true}]}}