{"id":3372,"date":"2021-07-01T14:23:56","date_gmt":"2021-07-01T12:23:56","guid":{"rendered":"https:\/\/www.hotelvillacinzia.com\/culture\/"},"modified":"2021-07-14T10:32:45","modified_gmt":"2021-07-14T08:32:45","slug":"culture","status":"publish","type":"page","link":"https:\/\/www.hotelvillacinzia.com\/fr\/culture\/","title":{"rendered":"Culture"},"content":{"rendered":"\t\t<div data-elementor-type=\"wp-page\" data-elementor-id=\"3372\" class=\"elementor elementor-3372\" data-elementor-post-type=\"page\">\n\t\t\t\t\t\t<section class=\"elementor-section elementor-top-section elementor-element elementor-element-571ff24 elementor-section-height-full elementor-section-stretched elementor-section-full_width intro elementor-section-height-default elementor-section-items-middle\" data-id=\"571ff24\" data-element_type=\"section\" data-settings=\"{&quot;stretch_section&quot;:&quot;section-stretched&quot;,&quot;background_background&quot;:&quot;slideshow&quot;,&quot;background_slideshow_gallery&quot;:[{&quot;id&quot;:2639,&quot;url&quot;:&quot;https:\\\/\\\/www.hotelvillacinzia.com\\\/wp-content\\\/uploads\\\/Santuario-Regina-Montis-Regalis-di-Vicoforte_esterno.jpg&quot;}],&quot;background_slideshow_loop&quot;:&quot;yes&quot;,&quot;background_slideshow_slide_duration&quot;:5000,&quot;background_slideshow_slide_transition&quot;:&quot;fade&quot;,&quot;background_slideshow_transition_duration&quot;:500}\">\n\t\t\t\t\t\t<div class=\"elementor-container elementor-column-gap-default\">\n\t\t\t\t\t<div class=\"elementor-column elementor-col-100 elementor-top-column elementor-element elementor-element-3e8bdf8\" data-id=\"3e8bdf8\" data-element_type=\"column\">\n\t\t\t<div class=\"elementor-widget-wrap elementor-element-populated\">\n\t\t\t\t\t\t<div class=\"elementor-element elementor-element-6b789e0 logo_villa_cinzia separatore-pw separatore-pw--bianco elementor-widget elementor-widget-theme-site-logo elementor-widget-image\" data-id=\"6b789e0\" data-element_type=\"widget\" data-widget_type=\"theme-site-logo.default\">\n\t\t\t\t<div class=\"elementor-widget-container\">\n\t\t\t\t\t\t\t\t\t\t\t<a href=\"https:\/\/www.hotelvillacinzia.com\/fr\/\">\n\t\t\t<img decoding=\"async\" width=\"159\" height=\"161\" src=\"https:\/\/www.hotelvillacinzia.com\/wp-content\/uploads\/logo.png\" class=\"attachment-full size-full wp-image-1053\" alt=\"Hotel Villa Cinzia\" \/>\t\t\t\t<\/a>\n\t\t\t\t\t\t\t\t\t\t\t<\/div>\n\t\t\t\t<\/div>\n\t\t\t\t<div class=\"elementor-element elementor-element-770fa75 payoff elementor-widget elementor-widget-heading\" data-id=\"770fa75\" data-element_type=\"widget\" data-widget_type=\"heading.default\">\n\t\t\t\t<div class=\"elementor-widget-container\">\n\t\t\t\t\t<div class=\"elementor-heading-title elementor-size-default\">Votre maison... loin de la maison...<\/div>\t\t\t\t<\/div>\n\t\t\t\t<\/div>\n\t\t\t\t\t<\/div>\n\t\t<\/div>\n\t\t\t\t\t<\/div>\n\t\t<\/section>\n\t\t\t\t<section class=\"elementor-section elementor-top-section elementor-element elementor-element-3d15881 page-section page-section--onlytext elementor-section-boxed elementor-section-height-default elementor-section-height-default\" data-id=\"3d15881\" data-element_type=\"section\">\n\t\t\t\t\t\t<div class=\"elementor-container elementor-column-gap-default\">\n\t\t\t\t\t<div class=\"elementor-column elementor-col-100 elementor-top-column elementor-element elementor-element-9454af5\" data-id=\"9454af5\" data-element_type=\"column\">\n\t\t\t<div class=\"elementor-widget-wrap elementor-element-populated\">\n\t\t\t\t\t\t<section class=\"elementor-section elementor-inner-section elementor-element elementor-element-9824b06 text-wrapper text-wrapper--div--center elementor-section-boxed elementor-section-height-default elementor-section-height-default\" data-id=\"9824b06\" data-element_type=\"section\">\n\t\t\t\t\t\t<div class=\"elementor-container elementor-column-gap-default\">\n\t\t\t\t\t<div class=\"elementor-column elementor-col-100 elementor-inner-column elementor-element elementor-element-dd73eba\" data-id=\"dd73eba\" data-element_type=\"column\">\n\t\t\t<div class=\"elementor-widget-wrap elementor-element-populated\">\n\t\t\t\t\t\t<div class=\"elementor-element elementor-element-4787220 over-headline elementor-widget elementor-widget-heading\" data-id=\"4787220\" data-element_type=\"widget\" data-widget_type=\"heading.default\">\n\t\t\t\t<div class=\"elementor-widget-container\">\n\t\t\t\t\t<h2 class=\"elementor-heading-title elementor-size-default\">HOTEL VILLA CINZIA MONDOVI'<\/h2>\t\t\t\t<\/div>\n\t\t\t\t<\/div>\n\t\t\t\t<div class=\"elementor-element elementor-element-b2c63a5 headline headline--large  elementor-widget elementor-widget-heading\" data-id=\"b2c63a5\" data-element_type=\"widget\" data-widget_type=\"heading.default\">\n\t\t\t\t<div class=\"elementor-widget-container\">\n\t\t\t\t\t<h1 class=\"elementor-heading-title elementor-size-default\">Culture<\/h1>\t\t\t\t<\/div>\n\t\t\t\t<\/div>\n\t\t\t\t\t<\/div>\n\t\t<\/div>\n\t\t\t\t\t<\/div>\n\t\t<\/section>\n\t\t\t\t\t<\/div>\n\t\t<\/div>\n\t\t\t\t\t<\/div>\n\t\t<\/section>\n\t\t\t\t<section class=\"elementor-section elementor-top-section elementor-element elementor-element-29d4e4a page-section page-section--padding page-section--box-right elementor-section-full_width elementor-section-height-default elementor-section-height-default\" data-id=\"29d4e4a\" data-element_type=\"section\" data-settings=\"{&quot;background_background&quot;:&quot;classic&quot;}\">\n\t\t\t\t\t\t<div class=\"elementor-container elementor-column-gap-no\">\n\t\t\t\t\t<div class=\"elementor-column elementor-col-33 elementor-top-column elementor-element elementor-element-5988a85\" data-id=\"5988a85\" data-element_type=\"column\">\n\t\t\t<div class=\"elementor-widget-wrap\">\n\t\t\t\t\t\t\t<\/div>\n\t\t<\/div>\n\t\t\t\t<div class=\"elementor-column elementor-col-33 elementor-top-column elementor-element elementor-element-2fabf2b\" data-id=\"2fabf2b\" data-element_type=\"column\">\n\t\t\t<div class=\"elementor-widget-wrap\">\n\t\t\t\t\t\t\t<\/div>\n\t\t<\/div>\n\t\t\t\t<div class=\"elementor-column elementor-col-33 elementor-top-column elementor-element elementor-element-8a44d7f bg-brand box-home\" data-id=\"8a44d7f\" data-element_type=\"column\">\n\t\t\t<div class=\"elementor-widget-wrap elementor-element-populated\">\n\t\t\t\t\t\t<div class=\"elementor-element elementor-element-6dc9b99 over-headline elementor-widget elementor-widget-heading\" data-id=\"6dc9b99\" data-element_type=\"widget\" data-widget_type=\"heading.default\">\n\t\t\t\t<div class=\"elementor-widget-container\">\n\t\t\t\t\t<div class=\"elementor-heading-title elementor-size-default\">Vicoforte Mondov\u00ec<\/div>\t\t\t\t<\/div>\n\t\t\t\t<\/div>\n\t\t\t\t<div class=\"elementor-element elementor-element-08243fd headline headline--large elementor-widget elementor-widget-heading\" data-id=\"08243fd\" data-element_type=\"widget\" data-widget_type=\"heading.default\">\n\t\t\t\t<div class=\"elementor-widget-container\">\n\t\t\t\t\t<div class=\"elementor-heading-title elementor-size-default\">Sanctuaire de Vicoforte<\/div>\t\t\t\t<\/div>\n\t\t\t\t<\/div>\n\t\t\t\t<div class=\"elementor-element elementor-element-885a31d text-wrapper text-wrapper--div--center elementor-widget elementor-widget-text-editor\" data-id=\"885a31d\" data-element_type=\"widget\" data-widget_type=\"text-editor.default\">\n\t\t\t\t<div class=\"elementor-widget-container\">\n\t\t\t\t\t\t\t\t\t<p>La ville de Vicoforte Mondov\u00ec est situ\u00e9e \u00e0 quelques kilom\u00e8tres de Villanova Mondov\u00ec, il re\u00e7oit une des plus <b>grandes et importantes constructions Baroques<\/b> pr\u00e9sentes dans le Monregalese. Le sanctuaire est l&rsquo;un des symboles les plus importants de notre territoire et accueille une <b>majestueuse coupole<\/b>(d\u00f4me) majestueux elliptique, l&rsquo;un des premiers dans le monde, qui a l&rsquo;int\u00e9rieur d&rsquo;une mine de <b>tr\u00e9sors artistiques<\/b>.<\/p>\n\t\t\t\t\t\t\t\t<\/div>\n\t\t\t\t<\/div>\n\t\t\t\t\t<\/div>\n\t\t<\/div>\n\t\t\t\t\t<\/div>\n\t\t<\/section>\n\t\t\t\t<section class=\"elementor-section elementor-top-section elementor-element elementor-element-ea8e21f page-section page-section--box-full page-section--box-full--bg-dark  elementor-section-full_width elementor-section-height-default elementor-section-height-default\" data-id=\"ea8e21f\" data-element_type=\"section\" data-settings=\"{&quot;background_background&quot;:&quot;classic&quot;}\">\n\t\t\t\t\t\t<div class=\"elementor-container elementor-column-gap-default\">\n\t\t\t\t\t<div class=\"elementor-column elementor-col-100 elementor-top-column elementor-element elementor-element-91934cd\" data-id=\"91934cd\" data-element_type=\"column\">\n\t\t\t<div class=\"elementor-widget-wrap elementor-element-populated\">\n\t\t\t\t\t\t<div class=\"elementor-element elementor-element-00ced80 over-headline elementor-widget elementor-widget-heading\" data-id=\"00ced80\" data-element_type=\"widget\" data-widget_type=\"heading.default\">\n\t\t\t\t<div class=\"elementor-widget-container\">\n\t\t\t\t\t<div class=\"elementor-heading-title elementor-size-default\">Vicoforte Mondov\u00ec<\/div>\t\t\t\t<\/div>\n\t\t\t\t<\/div>\n\t\t\t\t<div class=\"elementor-element elementor-element-9322a57 headline headline--large elementor-widget elementor-widget-heading\" data-id=\"9322a57\" data-element_type=\"widget\" data-widget_type=\"heading.default\">\n\t\t\t\t<div class=\"elementor-widget-container\">\n\t\t\t\t\t<div class=\"elementor-heading-title elementor-size-default\">Sanctuaire de Santa Lucia<\/div>\t\t\t\t<\/div>\n\t\t\t\t<\/div>\n\t\t\t\t<div class=\"elementor-element elementor-element-a80423a text-wrapper text-wrapper--div--center elementor-widget elementor-widget-text-editor\" data-id=\"a80423a\" data-element_type=\"widget\" data-widget_type=\"text-editor.default\">\n\t\t\t\t<div class=\"elementor-widget-container\">\n\t\t\t\t\t\t\t\t\t<p>La l\u00e9gende raconte l&rsquo;histoire d&rsquo;une tr\u00e8s jeune berg\u00e8re sourde-muette qui, dans une p\u00e9riode de fortes crues du ruisseau voisin Ellero, avait amen\u00e9 son troupeau \u00e0 pa\u00eetre pr\u00e8s d&rsquo;un pyl\u00f4ne d\u00e9di\u00e9 \u00e0 Sainte-Lucie et situ\u00e9 au confluent du ruisseau Lurisia dans l&rsquo;Ell\u00e9ro rivi\u00e8re, lorsque \u00ab soudain une femme aux traits surnaturels est apparue, qui lui a demand\u00e9 de d\u00e9placer le pyl\u00f4ne dans un endroit plus s\u00fbr et \u00e0 l&rsquo;abri de l&rsquo;inondation continue du ruisseau, indiquant une grotte une centaine de<br \/>\nm\u00e8tres plus haut montrant une cavit\u00e9 naturelle qui s&rsquo;ouvrait sur le mur de la montagne, et faire don de<br \/>\nl&rsquo;ou\u00efe et de la parole \u00e0 la berg\u00e8re pour qu&rsquo;elle puisse diffuser son message.<\/p>\n\t\t\t\t\t\t\t\t<\/div>\n\t\t\t\t<\/div>\n\t\t\t\t\t<\/div>\n\t\t<\/div>\n\t\t\t\t\t<\/div>\n\t\t<\/section>\n\t\t\t\t<section class=\"elementor-section elementor-top-section elementor-element elementor-element-acd3f4e page-section page-section--box-full page-section--box-full--bg-light  elementor-section-full_width elementor-section-height-default elementor-section-height-default\" data-id=\"acd3f4e\" data-element_type=\"section\" data-settings=\"{&quot;background_background&quot;:&quot;classic&quot;}\">\n\t\t\t\t\t\t<div class=\"elementor-container elementor-column-gap-default\">\n\t\t\t\t\t<div class=\"elementor-column elementor-col-100 elementor-top-column elementor-element elementor-element-75486e6 box-home\" data-id=\"75486e6\" data-element_type=\"column\">\n\t\t\t<div class=\"elementor-widget-wrap elementor-element-populated\">\n\t\t\t\t\t\t<div class=\"elementor-element elementor-element-f4c8441 over-headline elementor-widget elementor-widget-heading\" data-id=\"f4c8441\" data-element_type=\"widget\" data-widget_type=\"heading.default\">\n\t\t\t\t<div class=\"elementor-widget-container\">\n\t\t\t\t\t<div class=\"elementor-heading-title elementor-size-default\">Villanova Mondov\u00ec<\/div>\t\t\t\t<\/div>\n\t\t\t\t<\/div>\n\t\t\t\t<div class=\"elementor-element elementor-element-8985001 headline headline--large elementor-widget elementor-widget-heading\" data-id=\"8985001\" data-element_type=\"widget\" data-widget_type=\"heading.default\">\n\t\t\t\t<div class=\"elementor-widget-container\">\n\t\t\t\t\t<div class=\"elementor-heading-title elementor-size-default\">\u00c9glise de Santa Caterina<\/div>\t\t\t\t<\/div>\n\t\t\t\t<\/div>\n\t\t\t\t<div class=\"elementor-element elementor-element-05ff0af text-wrapper text-wrapper--div--center elementor-widget elementor-widget-text-editor\" data-id=\"05ff0af\" data-element_type=\"widget\" data-widget_type=\"text-editor.default\">\n\t\t\t\t<div class=\"elementor-widget-container\">\n\t\t\t\t\t\t\t\t\t<p>L&rsquo;\u00e9glise de Santa Caterina, qui a toujours \u00e9t\u00e9 le centre de l&rsquo;ancien village m\u00e9di\u00e9val, a \u00e9t\u00e9 remodel\u00e9e au fil des si\u00e8cles pour r\u00e9pondre \u00e0 une communaut\u00e9 qui fut bient\u00f4t l&rsquo;une des plus importantes de la r\u00e9gion de Monregalese. De longs travaux de  estauration ont retrac\u00e9 son histoire \u00e0 travers les stratifications du temps, trouvant de nombreuses surprises, jusqu&rsquo;\u00e0 la derni\u00e8re qui a red\u00e9fini la l\u00e9gende de sa fondation. Aujourd&rsquo;hui, dans la m\u00eame \u00e9glise, il est \u00e9galement possible de voir une<br \/>\nautre Santa Caterina, celle des origines. Autre \u00e9poque, autre style, pour la Confraternit\u00e9 de Santa Croce (1755), la deuxi\u00e8me \u00e9glise qui occupe ce coin de la place et le petit belv\u00e9d\u00e8re. Excellent exemple du baroque pi\u00e9montais, c&rsquo;est l&rsquo;\u0153uvre du c\u00e9l\u00e8bre architecte Bernardo Vittone, qui, malgr\u00e9 son petit \u00ab\u00a0budget\u00a0\u00bb, n&rsquo;a pas renonc\u00e9 \u00e0 la complexit\u00e9, l&rsquo;invention et l&rsquo;effet. Ses collaborations sur les \u0153uvres de Francesco Gallo offrent la cl\u00e9 d&rsquo;un voyage baroque \u00e0 travers le riche patrimoine artistique de Mondov\u00ec.<\/p>\n\t\t\t\t\t\t\t\t<\/div>\n\t\t\t\t<\/div>\n\t\t\t\t\t<\/div>\n\t\t<\/div>\n\t\t\t\t\t<\/div>\n\t\t<\/section>\n\t\t\t\t<section class=\"elementor-section elementor-top-section elementor-element elementor-element-2178128 page-section page-section--padding page-section--box-left elementor-section-full_width elementor-section-height-default elementor-section-height-default\" data-id=\"2178128\" data-element_type=\"section\" data-settings=\"{&quot;background_background&quot;:&quot;classic&quot;}\">\n\t\t\t\t\t\t<div class=\"elementor-container elementor-column-gap-default\">\n\t\t\t\t\t<div class=\"elementor-column elementor-col-33 elementor-top-column elementor-element elementor-element-cf66497 bg-brand box-home\" data-id=\"cf66497\" data-element_type=\"column\">\n\t\t\t<div class=\"elementor-widget-wrap elementor-element-populated\">\n\t\t\t\t\t\t<div class=\"elementor-element elementor-element-ca7965e over-headline elementor-widget elementor-widget-heading\" data-id=\"ca7965e\" data-element_type=\"widget\" data-widget_type=\"heading.default\">\n\t\t\t\t<div class=\"elementor-widget-container\">\n\t\t\t\t\t<div class=\"elementor-heading-title elementor-size-default\">Vicoforte Mondov\u00ec<\/div>\t\t\t\t<\/div>\n\t\t\t\t<\/div>\n\t\t\t\t<div class=\"elementor-element elementor-element-bafb7e7 headline headline--large elementor-widget elementor-widget-heading\" data-id=\"bafb7e7\" data-element_type=\"widget\" data-widget_type=\"heading.default\">\n\t\t\t\t<div class=\"elementor-widget-container\">\n\t\t\t\t\t<div class=\"elementor-heading-title elementor-size-default\">Chartreuse de Sainte Maria de Pesio<\/div>\t\t\t\t<\/div>\n\t\t\t\t<\/div>\n\t\t\t\t<div class=\"elementor-element elementor-element-2599adc text-wrapper text-wrapper--div--center elementor-widget elementor-widget-text-editor\" data-id=\"2599adc\" data-element_type=\"widget\" data-widget_type=\"text-editor.default\">\n\t\t\t\t<div class=\"elementor-widget-container\">\n\t\t\t\t\t\t\t\t\t<p>Situ\u00e9e aux marges du <b>pack Naturel de la haute Vall\u00e9e du Pesio<\/b>, l&rsquo;impression g\u00e9n\u00e9rale est celle d&rsquo;architecture de la Renaissance tardive et est entour\u00e9 d&rsquo;un <b>paysage pr\u00e9serv\u00e9 de montagnes<\/b>, de for\u00eats et de ruisseaux. Il est structur\u00e9 autour de Il s&rsquo;articule \u00e0 l&rsquo;autour d\u2019un clo\u00eetre du seizi\u00e8me si\u00e8cle de lequel on acc\u00e8de \u00e0 la chapelle du Prieur.<\/p>\n<p>Dans l&rsquo;\u00e9glise on peut admirer la <b>splendide fois du presbyt\u00e8re avec les fresques d&rsquo;Antonio Parentani<\/b>. Aujourd&rsquo;hui elle est destin\u00e9e \u00e0 la maison de Spiritualit\u00e9 des missionnaires, c&rsquo;est un endroit de retrait et m\u00e9ditation et il re\u00e7oit des groupes principalement de jeunes pour programmes, retraits et rencontres. Actuellement, il abrite \u00e9galement le <b>Mus\u00e9e Missionnaire<\/b>.<\/p>\n\t\t\t\t\t\t\t\t<\/div>\n\t\t\t\t<\/div>\n\t\t\t\t\t<\/div>\n\t\t<\/div>\n\t\t\t\t<div class=\"elementor-column elementor-col-33 elementor-top-column elementor-element elementor-element-340ca51\" data-id=\"340ca51\" data-element_type=\"column\">\n\t\t\t<div class=\"elementor-widget-wrap\">\n\t\t\t\t\t\t\t<\/div>\n\t\t<\/div>\n\t\t\t\t<div class=\"elementor-column elementor-col-33 elementor-top-column elementor-element elementor-element-6f336e0\" data-id=\"6f336e0\" data-element_type=\"column\">\n\t\t\t<div class=\"elementor-widget-wrap\">\n\t\t\t\t\t\t\t<\/div>\n\t\t<\/div>\n\t\t\t\t\t<\/div>\n\t\t<\/section>\n\t\t\t\t<section class=\"elementor-section elementor-top-section elementor-element elementor-element-98a3fe9 page-section page-section--box-full page-section--box-full--bg-dark  elementor-section-full_width elementor-section-height-default elementor-section-height-default\" data-id=\"98a3fe9\" data-element_type=\"section\" data-settings=\"{&quot;background_background&quot;:&quot;classic&quot;}\">\n\t\t\t\t\t\t<div class=\"elementor-container elementor-column-gap-default\">\n\t\t\t\t\t<div class=\"elementor-column elementor-col-100 elementor-top-column elementor-element elementor-element-f6a7330\" data-id=\"f6a7330\" data-element_type=\"column\">\n\t\t\t<div class=\"elementor-widget-wrap elementor-element-populated\">\n\t\t\t\t\t\t<div class=\"elementor-element elementor-element-d22bf57 over-headline elementor-widget elementor-widget-heading\" data-id=\"d22bf57\" data-element_type=\"widget\" data-widget_type=\"heading.default\">\n\t\t\t\t<div class=\"elementor-widget-container\">\n\t\t\t\t\t<div class=\"elementor-heading-title elementor-size-default\">Vicoforte Mondov\u00ec<\/div>\t\t\t\t<\/div>\n\t\t\t\t<\/div>\n\t\t\t\t<div class=\"elementor-element elementor-element-ca691dd headline headline--large elementor-widget elementor-widget-heading\" data-id=\"ca691dd\" data-element_type=\"widget\" data-widget_type=\"heading.default\">\n\t\t\t\t<div class=\"elementor-widget-container\">\n\t\t\t\t\t<div class=\"elementor-heading-title elementor-size-default\">Centre Historique du Monregalese<\/div>\t\t\t\t<\/div>\n\t\t\t\t<\/div>\n\t\t\t\t<div class=\"elementor-element elementor-element-57526c9 text-wrapper text-wrapper--div--center elementor-widget elementor-widget-text-editor\" data-id=\"57526c9\" data-element_type=\"widget\" data-widget_type=\"text-editor.default\">\n\t\t\t\t<div class=\"elementor-widget-container\">\n\t\t\t\t\t\t\t\t\t<p>Tour du Belvedere, Mus\u00e9e C\u00e9ramique, Mus\u00e9e de la Presse<\/p>\n\t\t\t\t\t\t\t\t<\/div>\n\t\t\t\t<\/div>\n\t\t\t\t\t<\/div>\n\t\t<\/div>\n\t\t\t\t\t<\/div>\n\t\t<\/section>\n\t\t\t\t<\/div>\n\t\t","protected":false},"excerpt":{"rendered":"<p>Votre maison&#8230; loin de la maison&#8230; HOTEL VILLA CINZIA MONDOVI&rsquo; Culture Vicoforte Mondov\u00ec Sanctuaire de Vicoforte La ville de Vicoforte Mondov\u00ec est situ\u00e9e \u00e0 quelques kilom\u00e8tres de Villanova Mondov\u00ec, il re\u00e7oit une des plus grandes et importantes constructions Baroques pr\u00e9sentes dans le Monregalese. Le sanctuaire est l&rsquo;un des symboles les plus importants de notre territoire [&hellip;]<\/p>\n","protected":false},"author":1,"featured_media":3163,"parent":0,"menu_order":0,"comment_status":"closed","ping_status":"closed","template":"","meta":{"footnotes":""},"categories":[26],"tags":[],"acf":[],"_links":{"self":[{"href":"https:\/\/www.hotelvillacinzia.com\/fr\/wp-json\/wp\/v2\/pages\/3372"}],"collection":[{"href":"https:\/\/www.hotelvillacinzia.com\/fr\/wp-json\/wp\/v2\/pages"}],"about":[{"href":"https:\/\/www.hotelvillacinzia.com\/fr\/wp-json\/wp\/v2\/types\/page"}],"author":[{"embeddable":true,"href":"https:\/\/www.hotelvillacinzia.com\/fr\/wp-json\/wp\/v2\/users\/1"}],"replies":[{"embeddable":true,"href":"https:\/\/www.hotelvillacinzia.com\/fr\/wp-json\/wp\/v2\/comments?post=3372"}],"version-history":[{"count":0,"href":"https:\/\/www.hotelvillacinzia.com\/fr\/wp-json\/wp\/v2\/pages\/3372\/revisions"}],"wp:featuredmedia":[{"embeddable":true,"href":"https:\/\/www.hotelvillacinzia.com\/fr\/wp-json\/wp\/v2\/media\/3163"}],"wp:attachment":[{"href":"https:\/\/www.hotelvillacinzia.com\/fr\/wp-json\/wp\/v2\/media?parent=3372"}],"wp:term":[{"taxonomy":"category","embeddable":true,"href":"https:\/\/www.hotelvillacinzia.com\/fr\/wp-json\/wp\/v2\/categories?post=3372"},{"taxonomy":"post_tag","embeddable":true,"href":"https:\/\/www.hotelvillacinzia.com\/fr\/wp-json\/wp\/v2\/tags?post=3372"}],"curies":[{"name":"wp","href":"https:\/\/api.w.org\/{rel}","templated":true}]}}