{"id":3376,"date":"2021-07-01T14:28:33","date_gmt":"2021-07-01T12:28:33","guid":{"rendered":"https:\/\/www.hotelvillacinzia.com\/environs\/"},"modified":"2021-07-01T14:28:36","modified_gmt":"2021-07-01T12:28:36","slug":"environs","status":"publish","type":"page","link":"https:\/\/www.hotelvillacinzia.com\/fr\/environs\/","title":{"rendered":"Environs"},"content":{"rendered":"\t\t<div data-elementor-type=\"wp-page\" data-elementor-id=\"3376\" class=\"elementor elementor-3376\" data-elementor-post-type=\"page\">\n\t\t\t\t\t\t<section class=\"elementor-section elementor-top-section elementor-element elementor-element-dcc18ac elementor-section-height-full elementor-section-stretched elementor-section-full_width intro elementor-section-height-default elementor-section-items-middle\" data-id=\"dcc18ac\" data-element_type=\"section\" data-settings=\"{&quot;stretch_section&quot;:&quot;section-stretched&quot;,&quot;background_background&quot;:&quot;slideshow&quot;,&quot;background_slideshow_gallery&quot;:[{&quot;id&quot;:2661,&quot;url&quot;:&quot;https:\\\/\\\/www.hotelvillacinzia.com\\\/wp-content\\\/uploads\\\/Lavanda_Sale-SanGiovanni_Langhe.jpg&quot;},{&quot;id&quot;:2666,&quot;url&quot;:&quot;https:\\\/\\\/www.hotelvillacinzia.com\\\/wp-content\\\/uploads\\\/stalla-panorama.jpg&quot;},{&quot;id&quot;:2646,&quot;url&quot;:&quot;https:\\\/\\\/www.hotelvillacinzia.com\\\/wp-content\\\/uploads\\\/Parco-naturale-Marguareis.jpg&quot;},{&quot;id&quot;:1297,&quot;url&quot;:&quot;https:\\\/\\\/www.hotelvillacinzia.com\\\/wp-content\\\/uploads\\\/wildlife-1.jpg&quot;}],&quot;background_slideshow_loop&quot;:&quot;yes&quot;,&quot;background_slideshow_slide_duration&quot;:5000,&quot;background_slideshow_slide_transition&quot;:&quot;fade&quot;,&quot;background_slideshow_transition_duration&quot;:500}\">\n\t\t\t\t\t\t<div class=\"elementor-container elementor-column-gap-default\">\n\t\t\t\t\t<div class=\"elementor-column elementor-col-100 elementor-top-column elementor-element elementor-element-ded2fb8\" data-id=\"ded2fb8\" data-element_type=\"column\">\n\t\t\t<div class=\"elementor-widget-wrap elementor-element-populated\">\n\t\t\t\t\t\t<div class=\"elementor-element elementor-element-5fa443e logo_villa_cinzia separatore-pw separatore-pw--bianco elementor-widget elementor-widget-theme-site-logo elementor-widget-image\" data-id=\"5fa443e\" data-element_type=\"widget\" data-widget_type=\"theme-site-logo.default\">\n\t\t\t\t<div class=\"elementor-widget-container\">\n\t\t\t\t\t\t\t\t\t\t\t<a href=\"https:\/\/www.hotelvillacinzia.com\/fr\/\">\n\t\t\t<img decoding=\"async\" width=\"159\" height=\"161\" src=\"https:\/\/www.hotelvillacinzia.com\/wp-content\/uploads\/logo.png\" class=\"attachment-full size-full wp-image-1053\" alt=\"Hotel Villa Cinzia\" \/>\t\t\t\t<\/a>\n\t\t\t\t\t\t\t\t\t\t\t<\/div>\n\t\t\t\t<\/div>\n\t\t\t\t<div class=\"elementor-element elementor-element-efdcf96 payoff elementor-widget elementor-widget-heading\" data-id=\"efdcf96\" data-element_type=\"widget\" data-widget_type=\"heading.default\">\n\t\t\t\t<div class=\"elementor-widget-container\">\n\t\t\t\t\t<div class=\"elementor-heading-title elementor-size-default\">Votre maison... loin de la maison...<\/div>\t\t\t\t<\/div>\n\t\t\t\t<\/div>\n\t\t\t\t\t<\/div>\n\t\t<\/div>\n\t\t\t\t\t<\/div>\n\t\t<\/section>\n\t\t\t\t<section class=\"elementor-section elementor-top-section elementor-element elementor-element-1510eaf page-section page-section--onlytext elementor-section-boxed elementor-section-height-default elementor-section-height-default\" data-id=\"1510eaf\" data-element_type=\"section\">\n\t\t\t\t\t\t<div class=\"elementor-container elementor-column-gap-default\">\n\t\t\t\t\t<div class=\"elementor-column elementor-col-100 elementor-top-column elementor-element elementor-element-8a283c0\" data-id=\"8a283c0\" data-element_type=\"column\">\n\t\t\t<div class=\"elementor-widget-wrap elementor-element-populated\">\n\t\t\t\t\t\t<section class=\"elementor-section elementor-inner-section elementor-element elementor-element-f61e566 text-wrapper text-wrapper--div--center  elementor-section-boxed elementor-section-height-default elementor-section-height-default\" data-id=\"f61e566\" data-element_type=\"section\">\n\t\t\t\t\t\t<div class=\"elementor-container elementor-column-gap-default\">\n\t\t\t\t\t<div class=\"elementor-column elementor-col-100 elementor-inner-column elementor-element elementor-element-74c367d\" data-id=\"74c367d\" data-element_type=\"column\">\n\t\t\t<div class=\"elementor-widget-wrap elementor-element-populated\">\n\t\t\t\t\t\t<div class=\"elementor-element elementor-element-b3f54da over-headline elementor-widget elementor-widget-heading\" data-id=\"b3f54da\" data-element_type=\"widget\" data-widget_type=\"heading.default\">\n\t\t\t\t<div class=\"elementor-widget-container\">\n\t\t\t\t\t<h2 class=\"elementor-heading-title elementor-size-default\">Piemonte, un patrimoine inestimable<\/h2>\t\t\t\t<\/div>\n\t\t\t\t<\/div>\n\t\t\t\t<div class=\"elementor-element elementor-element-af5fa4e headline headline--large  elementor-widget elementor-widget-heading\" data-id=\"af5fa4e\" data-element_type=\"widget\" data-widget_type=\"heading.default\">\n\t\t\t\t<div class=\"elementor-widget-container\">\n\t\t\t\t\t<h1 class=\"elementor-heading-title elementor-size-default\">Environs<\/h1>\t\t\t\t<\/div>\n\t\t\t\t<\/div>\n\t\t\t\t<div class=\"elementor-element elementor-element-46a0417 text-container elementor-widget elementor-widget-text-editor\" data-id=\"46a0417\" data-element_type=\"widget\" data-widget_type=\"text-editor.default\">\n\t\t\t\t<div class=\"elementor-widget-container\">\n\t\t\t\t\t\t\t\t\t<p><b>Le Pi\u00e9mont est histoire et m\u00e9moire, art et culture, l\u00e9gende et tradition<\/b>. <b>Un patrimoine inestimable<\/b> et plein de charme que partie de la plaine, passe par les collines et finit sur les montagnes, qui sillonne entre la ville, pays, abbayes, ch\u00e2teaux et fortifications en enla\u00e7ant suggestions s\u00e9culaires et paysages de fable.<\/p>\n\t\t\t\t\t\t\t\t<\/div>\n\t\t\t\t<\/div>\n\t\t\t\t\t<\/div>\n\t\t<\/div>\n\t\t\t\t\t<\/div>\n\t\t<\/section>\n\t\t\t\t\t<\/div>\n\t\t<\/div>\n\t\t\t\t\t<\/div>\n\t\t<\/section>\n\t\t\t\t<\/div>\n\t\t","protected":false},"excerpt":{"rendered":"<p>Votre maison&#8230; loin de la maison&#8230; Piemonte, un patrimoine inestimable Environs Le Pi\u00e9mont est histoire et m\u00e9moire, art et culture, l\u00e9gende et tradition. Un patrimoine inestimable et plein de charme que partie de la plaine, passe par les collines et finit sur les montagnes, qui sillonne entre la ville, pays, abbayes, ch\u00e2teaux et fortifications en [&hellip;]<\/p>\n","protected":false},"author":1,"featured_media":0,"parent":0,"menu_order":0,"comment_status":"closed","ping_status":"closed","template":"","meta":{"footnotes":""},"categories":[],"tags":[],"acf":[],"_links":{"self":[{"href":"https:\/\/www.hotelvillacinzia.com\/fr\/wp-json\/wp\/v2\/pages\/3376"}],"collection":[{"href":"https:\/\/www.hotelvillacinzia.com\/fr\/wp-json\/wp\/v2\/pages"}],"about":[{"href":"https:\/\/www.hotelvillacinzia.com\/fr\/wp-json\/wp\/v2\/types\/page"}],"author":[{"embeddable":true,"href":"https:\/\/www.hotelvillacinzia.com\/fr\/wp-json\/wp\/v2\/users\/1"}],"replies":[{"embeddable":true,"href":"https:\/\/www.hotelvillacinzia.com\/fr\/wp-json\/wp\/v2\/comments?post=3376"}],"version-history":[{"count":0,"href":"https:\/\/www.hotelvillacinzia.com\/fr\/wp-json\/wp\/v2\/pages\/3376\/revisions"}],"wp:attachment":[{"href":"https:\/\/www.hotelvillacinzia.com\/fr\/wp-json\/wp\/v2\/media?parent=3376"}],"wp:term":[{"taxonomy":"category","embeddable":true,"href":"https:\/\/www.hotelvillacinzia.com\/fr\/wp-json\/wp\/v2\/categories?post=3376"},{"taxonomy":"post_tag","embeddable":true,"href":"https:\/\/www.hotelvillacinzia.com\/fr\/wp-json\/wp\/v2\/tags?post=3376"}],"curies":[{"name":"wp","href":"https:\/\/api.w.org\/{rel}","templated":true}]}}