{"id":3448,"date":"2021-07-02T12:24:20","date_gmt":"2021-07-02T10:24:20","guid":{"rendered":"https:\/\/www.hotelvillacinzia.com\/ski\/"},"modified":"2021-07-02T12:24:25","modified_gmt":"2021-07-02T10:24:25","slug":"ski","status":"publish","type":"page","link":"https:\/\/www.hotelvillacinzia.com\/fr\/ski\/","title":{"rendered":"Ski"},"content":{"rendered":"\t\t<div data-elementor-type=\"wp-page\" data-elementor-id=\"3448\" class=\"elementor elementor-3448\" data-elementor-post-type=\"page\">\n\t\t\t\t\t\t<section class=\"elementor-section elementor-top-section elementor-element elementor-element-571ff24 elementor-section-height-full elementor-section-stretched elementor-section-full_width intro elementor-section-height-default elementor-section-items-middle\" data-id=\"571ff24\" data-element_type=\"section\" data-settings=\"{&quot;stretch_section&quot;:&quot;section-stretched&quot;,&quot;background_background&quot;:&quot;slideshow&quot;,&quot;background_slideshow_gallery&quot;:[{&quot;id&quot;:2162,&quot;url&quot;:&quot;https:\\\/\\\/www.hotelvillacinzia.com\\\/wp-content\\\/uploads\\\/ski-1.jpg&quot;},{&quot;id&quot;:2161,&quot;url&quot;:&quot;https:\\\/\\\/www.hotelvillacinzia.com\\\/wp-content\\\/uploads\\\/panorama.jpg&quot;},{&quot;id&quot;:2163,&quot;url&quot;:&quot;https:\\\/\\\/www.hotelvillacinzia.com\\\/wp-content\\\/uploads\\\/snow.jpg&quot;}],&quot;background_slideshow_loop&quot;:&quot;yes&quot;,&quot;background_slideshow_slide_duration&quot;:5000,&quot;background_slideshow_slide_transition&quot;:&quot;fade&quot;,&quot;background_slideshow_transition_duration&quot;:500}\">\n\t\t\t\t\t\t<div class=\"elementor-container elementor-column-gap-default\">\n\t\t\t\t\t<div class=\"elementor-column elementor-col-100 elementor-top-column elementor-element elementor-element-3e8bdf8\" data-id=\"3e8bdf8\" data-element_type=\"column\">\n\t\t\t<div class=\"elementor-widget-wrap elementor-element-populated\">\n\t\t\t\t\t\t<div class=\"elementor-element elementor-element-6b789e0 logo_villa_cinzia separatore-pw separatore-pw--bianco elementor-widget elementor-widget-theme-site-logo elementor-widget-image\" data-id=\"6b789e0\" data-element_type=\"widget\" data-widget_type=\"theme-site-logo.default\">\n\t\t\t\t<div class=\"elementor-widget-container\">\n\t\t\t\t\t\t\t\t\t\t\t<a href=\"https:\/\/www.hotelvillacinzia.com\/fr\/\">\n\t\t\t<img decoding=\"async\" width=\"159\" height=\"161\" src=\"https:\/\/www.hotelvillacinzia.com\/wp-content\/uploads\/logo.png\" class=\"attachment-full size-full wp-image-1053\" alt=\"Hotel Villa Cinzia\" \/>\t\t\t\t<\/a>\n\t\t\t\t\t\t\t\t\t\t\t<\/div>\n\t\t\t\t<\/div>\n\t\t\t\t<div class=\"elementor-element elementor-element-770fa75 payoff elementor-widget elementor-widget-heading\" data-id=\"770fa75\" data-element_type=\"widget\" data-widget_type=\"heading.default\">\n\t\t\t\t<div class=\"elementor-widget-container\">\n\t\t\t\t\t<div class=\"elementor-heading-title elementor-size-default\">Votre maison... loin de la maison...<\/div>\t\t\t\t<\/div>\n\t\t\t\t<\/div>\n\t\t\t\t\t<\/div>\n\t\t<\/div>\n\t\t\t\t\t<\/div>\n\t\t<\/section>\n\t\t\t\t<section class=\"elementor-section elementor-top-section elementor-element elementor-element-3d15881 page-section page-section--onlytext elementor-section-boxed elementor-section-height-default elementor-section-height-default\" data-id=\"3d15881\" data-element_type=\"section\">\n\t\t\t\t\t\t<div class=\"elementor-container elementor-column-gap-default\">\n\t\t\t\t\t<div class=\"elementor-column elementor-col-100 elementor-top-column elementor-element elementor-element-9454af5\" data-id=\"9454af5\" data-element_type=\"column\">\n\t\t\t<div class=\"elementor-widget-wrap elementor-element-populated\">\n\t\t\t\t\t\t<section class=\"elementor-section elementor-inner-section elementor-element elementor-element-9824b06 text-wrapper text-wrapper--div--center elementor-section-boxed elementor-section-height-default elementor-section-height-default\" data-id=\"9824b06\" data-element_type=\"section\">\n\t\t\t\t\t\t<div class=\"elementor-container elementor-column-gap-default\">\n\t\t\t\t\t<div class=\"elementor-column elementor-col-100 elementor-inner-column elementor-element elementor-element-dd73eba\" data-id=\"dd73eba\" data-element_type=\"column\">\n\t\t\t<div class=\"elementor-widget-wrap elementor-element-populated\">\n\t\t\t\t\t\t<div class=\"elementor-element elementor-element-4787220 over-headline elementor-widget elementor-widget-heading\" data-id=\"4787220\" data-element_type=\"widget\" data-widget_type=\"heading.default\">\n\t\t\t\t<div class=\"elementor-widget-container\">\n\t\t\t\t\t<h2 class=\"elementor-heading-title elementor-size-default\">PRATO NEVOSO E ARTESIA<\/h2>\t\t\t\t<\/div>\n\t\t\t\t<\/div>\n\t\t\t\t<div class=\"elementor-element elementor-element-b2c63a5 headline headline--large  elementor-widget elementor-widget-heading\" data-id=\"b2c63a5\" data-element_type=\"widget\" data-widget_type=\"heading.default\">\n\t\t\t\t<div class=\"elementor-widget-container\">\n\t\t\t\t\t<h1 class=\"elementor-heading-title elementor-size-default\">Le domaine skiable<\/h1>\t\t\t\t<\/div>\n\t\t\t\t<\/div>\n\t\t\t\t<div class=\"elementor-element elementor-element-e6f6362 text-container  elementor-widget elementor-widget-text-editor\" data-id=\"e6f6362\" data-element_type=\"widget\" data-widget_type=\"text-editor.default\">\n\t\t\t\t<div class=\"elementor-widget-container\">\n\t\t\t\t\t\t\t\t\t<p>Le domaine skiable est situ\u00e9 dans les villes de Frabosa Sottana (Artesina et Prato Nevoso) et Frabosa Soprana.<br \/>Il dispose \u00e9galement d&rsquo;un acc\u00e8s direct aux pistes de ski de la localit\u00e9 de \u00abRastello\u00bb \u00e0 Roccaforte Mondov\u00ec (vall\u00e9e d&rsquo;Ellero), \u00e0 quelques kilom\u00e8tres de Villanova Mondov\u00ec.<\/p>\n\t\t\t\t\t\t\t\t<\/div>\n\t\t\t\t<\/div>\n\t\t\t\t\t<\/div>\n\t\t<\/div>\n\t\t\t\t\t<\/div>\n\t\t<\/section>\n\t\t\t\t\t<\/div>\n\t\t<\/div>\n\t\t\t\t\t<\/div>\n\t\t<\/section>\n\t\t\t\t<section class=\"elementor-section elementor-top-section elementor-element elementor-element-29d4e4a page-section page-section--padding page-section--box-right elementor-section-full_width elementor-section-height-default elementor-section-height-default\" data-id=\"29d4e4a\" data-element_type=\"section\" data-settings=\"{&quot;background_background&quot;:&quot;classic&quot;}\">\n\t\t\t\t\t\t<div class=\"elementor-container elementor-column-gap-no\">\n\t\t\t\t\t<div class=\"elementor-column elementor-col-33 elementor-top-column elementor-element elementor-element-5988a85\" data-id=\"5988a85\" data-element_type=\"column\">\n\t\t\t<div class=\"elementor-widget-wrap\">\n\t\t\t\t\t\t\t<\/div>\n\t\t<\/div>\n\t\t\t\t<div class=\"elementor-column elementor-col-33 elementor-top-column elementor-element elementor-element-2fabf2b\" data-id=\"2fabf2b\" data-element_type=\"column\">\n\t\t\t<div class=\"elementor-widget-wrap\">\n\t\t\t\t\t\t\t<\/div>\n\t\t<\/div>\n\t\t\t\t<div class=\"elementor-column elementor-col-33 elementor-top-column elementor-element elementor-element-8a44d7f bg-brand box-home\" data-id=\"8a44d7f\" data-element_type=\"column\">\n\t\t\t<div class=\"elementor-widget-wrap elementor-element-populated\">\n\t\t\t\t\t\t<div class=\"elementor-element elementor-element-885a31d text-wrapper text-wrapper--div--center elementor-widget elementor-widget-text-editor\" data-id=\"885a31d\" data-element_type=\"widget\" data-widget_type=\"text-editor.default\">\n\t\t\t\t<div class=\"elementor-widget-container\">\n\t\t\t\t\t\t\t\t\t<p><b>Dans le Top 10 italien des stations Family Friendly pour les camps scolaires<\/b>, les terrains de jeux et les services pour enfant<br \/>800 m\u00e8tres de <b>d\u00e9nivel\u00e9 pour des pistes de toutes difficult\u00e9s<\/b> et pour tous les go\u00fbts.<br \/>Snow Park et \u00e9v\u00e9nements de renomm\u00e9e internationale<br \/>Pian della Turra.<br \/>130 km de pistes et de splendides itin\u00e9raires freeride sur 1300 m\u00e8tres de d\u00e9nivel\u00e9<\/p>\n\t\t\t\t\t\t\t\t<\/div>\n\t\t\t\t<\/div>\n\t\t\t\t\t<\/div>\n\t\t<\/div>\n\t\t\t\t\t<\/div>\n\t\t<\/section>\n\t\t\t\t<\/div>\n\t\t","protected":false},"excerpt":{"rendered":"<p>Votre maison&#8230; loin de la maison&#8230; PRATO NEVOSO E ARTESIA Le domaine skiable Le domaine skiable est situ\u00e9 dans les villes de Frabosa Sottana (Artesina et Prato Nevoso) et Frabosa Soprana.Il dispose \u00e9galement d&rsquo;un acc\u00e8s direct aux pistes de ski de la localit\u00e9 de \u00abRastello\u00bb \u00e0 Roccaforte Mondov\u00ec (vall\u00e9e d&rsquo;Ellero), \u00e0 quelques kilom\u00e8tres de Villanova [&hellip;]<\/p>\n","protected":false},"author":1,"featured_media":3139,"parent":0,"menu_order":0,"comment_status":"closed","ping_status":"closed","template":"","meta":{"footnotes":""},"categories":[26],"tags":[],"acf":[],"_links":{"self":[{"href":"https:\/\/www.hotelvillacinzia.com\/fr\/wp-json\/wp\/v2\/pages\/3448"}],"collection":[{"href":"https:\/\/www.hotelvillacinzia.com\/fr\/wp-json\/wp\/v2\/pages"}],"about":[{"href":"https:\/\/www.hotelvillacinzia.com\/fr\/wp-json\/wp\/v2\/types\/page"}],"author":[{"embeddable":true,"href":"https:\/\/www.hotelvillacinzia.com\/fr\/wp-json\/wp\/v2\/users\/1"}],"replies":[{"embeddable":true,"href":"https:\/\/www.hotelvillacinzia.com\/fr\/wp-json\/wp\/v2\/comments?post=3448"}],"version-history":[{"count":0,"href":"https:\/\/www.hotelvillacinzia.com\/fr\/wp-json\/wp\/v2\/pages\/3448\/revisions"}],"wp:featuredmedia":[{"embeddable":true,"href":"https:\/\/www.hotelvillacinzia.com\/fr\/wp-json\/wp\/v2\/media\/3139"}],"wp:attachment":[{"href":"https:\/\/www.hotelvillacinzia.com\/fr\/wp-json\/wp\/v2\/media?parent=3448"}],"wp:term":[{"taxonomy":"category","embeddable":true,"href":"https:\/\/www.hotelvillacinzia.com\/fr\/wp-json\/wp\/v2\/categories?post=3448"},{"taxonomy":"post_tag","embeddable":true,"href":"https:\/\/www.hotelvillacinzia.com\/fr\/wp-json\/wp\/v2\/tags?post=3448"}],"curies":[{"name":"wp","href":"https:\/\/api.w.org\/{rel}","templated":true}]}}